{"id":25,"date":"2026-02-06T13:48:30","date_gmt":"2026-02-06T12:48:30","guid":{"rendered":"https:\/\/elektrobike.wroclaw.pl\/?page_id=25"},"modified":"2026-02-08T00:36:35","modified_gmt":"2026-02-07T23:36:35","slug":"strona-domowa","status":"publish","type":"page","link":"https:\/\/elektrobike.wroclaw.pl\/","title":{"rendered":"strona domowa"},"content":{"rendered":"\n<section style=\"max-width: 1100px; margin: auto; font-family: Arial, sans-serif;\"><!-- Logo + napis wy\u015brodkowane --><p><\/p>\n<div style=\"display: flex; justify-content: center; align-items: center; gap: 20px; margin-top: 30px;\">\n<figure><img loading=\"lazy\" decoding=\"async\" class=\"alignnone size-medium wp-image-16\" src=\"http:\/\/elektrobike.wroclaw.pl\/wp-content\/uploads\/2026\/02\/rover-300x184.jpg\" alt=\"ElekroBike Wroc\u0142aw\" width=\"300\" height=\"184\" srcset=\"https:\/\/elektrobike.wroclaw.pl\/wp-content\/uploads\/2026\/02\/rover-300x184.jpg 300w, https:\/\/elektrobike.wroclaw.pl\/wp-content\/uploads\/2026\/02\/rover.jpg 767w\" sizes=\"auto, (max-width: 300px) 100vw, 300px\" \/><\/figure><p><\/p>\n<div style=\"font-size: 36px; font-weight: bold; color: #2bb673;\">Wypo\u017cyczalnia e-rower\u00f3w<\/div>\n<\/div>\n<p><!-- Zdj\u0119cia obok siebie --><\/p>\n<div style=\"display: flex; justify-content: center; gap: 30px; margin-top: 40px; flex-wrap: nowrap;\">\n<figure><img decoding=\"async\" class=\"alignright\" style=\"width: 45%; border-radius: 12px;\" src=\"\/wp-content\/uploads\/2026\/02\/rower_wro.png\" alt=\"Rower elektryczny\"><\/figure><p><\/p>\n<figure><img decoding=\"async\" class=\"alignleft\" style=\"width: 45%; border-radius: 12px;\" src=\"\/wp-content\/uploads\/2026\/02\/rowerwro2-1.png\" alt=\"Rower elektryczny\"><\/figure><p><\/p>\n<\/div>\n<p><!-- Rezerwacja --><\/p>\n<div style=\"text-align: center; margin: 40px 0;\">\n<div style=\"font-size: 28px; font-weight: bold; color: #2bb673;\">REZERWUJ TELEFON: 789 538 425<\/div>\n<div style=\"margin-top: 10px; font-size: 18px; color: #555;\">lub mailowo: wypozyczalnia@elektobike.wroclaw.pl<\/div>\n<\/div>\n<\/section>\n\n\n\n<p><!-- OFERTA --><\/p>\n\n\n\n<section style=\"max-width: 1100px; margin: 60px auto; text-align: center;\">\n<h2>Nasze rowery<\/h2>\n<div style=\"display: grid; grid-template-columns: repeat(auto-fit,minmax(260px,1fr)); gap: 20px; margin-top: 30px;\">\n<div style=\"background: #F7F9FB; padding: 20px; border-radius: 10px;\">\n<h3 style=\"text-align: center;\">Rower elektryczny<\/h3>\n<h3 style=\"text-align: center;\">damski<\/h3>\n<figure><img loading=\"lazy\" decoding=\"async\" class=\"alignnone size-medium wp-image-11\" src=\"http:\/\/elektrobike.wroclaw.pl\/wp-content\/uploads\/2026\/02\/damka1-e1770503893703-300x202.jpeg\" alt=\"\" width=\"300\" height=\"202\" srcset=\"https:\/\/elektrobike.wroclaw.pl\/wp-content\/uploads\/2026\/02\/damka1-e1770503893703-300x202.jpeg 300w, https:\/\/elektrobike.wroclaw.pl\/wp-content\/uploads\/2026\/02\/damka1-e1770503893703-1024x688.jpeg 1024w, https:\/\/elektrobike.wroclaw.pl\/wp-content\/uploads\/2026\/02\/damka1-e1770503893703-768x516.jpeg 768w, https:\/\/elektrobike.wroclaw.pl\/wp-content\/uploads\/2026\/02\/damka1-e1770503893703.jpeg 1060w\" sizes=\"auto, (max-width: 300px) 100vw, 300px\" \/><\/figure><p><\/p>\n<p><strong> R-RAYMON TourRay<\/strong> E 5.0 9S M350 br\u0105zowy-be\u017cowy \/ Rozmiar ramy: <strong>21,5&#8243;<\/strong> \/ Rozmiar ko\u0142a:<strong> 27,5&#8243;<\/strong> \/ Pojemno\u015b\u0107 akumulatora:<strong> 500 Wh<\/strong> \/ Kszta\u0142t ramy: Low<\/p>\n<p>Du\u017cy zasi\u0119g i komfort jazdy.<\/p>\n<\/div>\n<div style=\"background: #F7F9FB; padding: 20px; border-radius: 10px;\">\n<h3 style=\"text-align: center;\">Rower elektryczny<\/h3>\n<h3 style=\"text-align: center;\">m\u0119ski<\/h3>\n<figure><img loading=\"lazy\" decoding=\"async\" class=\"alignnone  wp-image-8\" src=\"http:\/\/elektrobike.wroclaw.pl\/wp-content\/uploads\/2026\/02\/meski2-e1770504088388-300x223.jpeg\" alt=\"\" width=\"270\" height=\"201\" srcset=\"https:\/\/elektrobike.wroclaw.pl\/wp-content\/uploads\/2026\/02\/meski2-e1770504088388-300x223.jpeg 300w, https:\/\/elektrobike.wroclaw.pl\/wp-content\/uploads\/2026\/02\/meski2-e1770504088388-768x570.jpeg 768w, https:\/\/elektrobike.wroclaw.pl\/wp-content\/uploads\/2026\/02\/meski2-e1770504088388.jpeg 923w\" sizes=\"auto, (max-width: 270px) 100vw, 270px\" \/><\/figure><p><\/p>\n<p><strong>R-RAYMON TourRay<\/strong> E 5.0 Gent 9S M350 szary-niebieski \/ Rozmiar ramy: <strong>23,5&#8243;<\/strong> \/ Rozmiar ko\u0142a: <strong>27,5&#8243;<\/strong> \/ Pojemno\u015b\u0107 akumulatora:<strong> 500 Wh <\/strong><\/p>\n<p>Du\u017cy zasi\u0119g i komfort jazdy.<\/p>\n<\/div>\n<div style=\"background: #F7F9FB; padding: 20px; border-radius: 10px;\">\n<h3>Inne rowery<\/h3>\n<p>wkr\u00f3tce<\/p>\n<\/div>\n<\/div>\n<\/section>\n\n\n\n<p><!-- TRASY --><\/p>\n\n\n\n<section id=\"trasy\" style=\"background: #F7F9FB; padding: 60px 20px; text-align: center;\">\n<h2>Trasy rowerowe<\/h2>\n<div style=\"max-width: 900px; margin: auto;\">\n<p>Polecamy sprawdzone trasy idealne na rowery trekkingowe i elektryczne.<\/p>\n<\/div>\n<div style=\"display: grid; grid-template-columns: repeat(auto-fit,minmax(260px,1fr)); gap: 20px; margin-top: 30px; max-width: 1100px; margin-left: auto; margin-right: auto;\">\n<div style=\"background: white; padding: 20px; border-radius: 10px;\">\n<h3><a href=\"https:\/\/elektrobike.wroclaw.pl\/index.php\/petla-wielkiej-wyspy-trasa-rowerowa\/\">P\u0119tla Wielkiej Wyspy<\/a><\/h3>\n<p>\u0141atwa i rekreacyjna trasa.<\/p>\n<\/div>\n<div style=\"background: white; padding: 20px; border-radius: 10px;\">\n<h3>Trasa nad Odr\u0105<\/h3>\n<p>Malownicze wa\u0142y i widoki.<\/p>\n<\/div>\n<div style=\"background: white; padding: 20px; border-radius: 10px;\">\n<h3>Wroc\u0142aw \u2013 Czernica<\/h3>\n<p>D\u0142u\u017csza trasa turystyczna.<\/p>\n<\/div>\n<\/div>\n<\/section>\n\n\n\n<p><!-- CENNIK --><\/p>\n\n\n\n<section style=\"max-width: 900px; margin: 60px auto; text-align: center;\">\n<h2>Cennik<\/h2>\n<table style=\"width: 100%; border-collapse: collapse; margin-top: 20px;\">\n<tbody>\n<tr style=\"background: #F7F9FB;\">\n<th style=\"padding: 12px; border: 1px solid #ddd;\">Us\u0142uga<\/th>\n<th style=\"padding: 12px; border: 1px solid #ddd;\">Cena<\/th>\n<\/tr>\n<tr>\n<td style=\"padding: 12px; border: 1px solid #ddd;\">1 dzie\u0144<\/td>\n<td style=\"padding: 12px; border: 1px solid #ddd;\">240 z\u0142<\/td>\n<\/tr>\n<tr>\n<td style=\"padding: 12px; border: 1px solid #ddd;\">Weekend<\/td>\n<td style=\"padding: 12px; border: 1px solid #ddd;\">320 z\u0142<\/td>\n<\/tr>\n<tr>\n<td style=\"padding: 12px; border: 1px solid #ddd;\">tydzie\u0144<\/td>\n<td style=\"padding: 12px; border: 1px solid #ddd;\">800 z\u0142<\/td>\n<\/tr>\n<\/tbody>\n<\/table>\n<p><strong>Uwaga:<\/strong>&nbsp; &nbsp; &nbsp; kaucja zwrotna 500 z\u0142\/rower.&nbsp; Wypo\u017cyczenie 2 rower\u00f3w rabat 10%.<\/p>\n<\/section>\n\n\n\n<p><!-- REGULAMIN --><\/p>\n\n\n\n<section id=\"regulamin\" style=\"background: #F7F9FB; padding: 60px 20px; text-align: center;\">\n<h2>Regulamin<\/h2>\n<p><a style=\"display: inline-block; margin-top: 15px; padding: 12px 24px; background: #2BB673; color: white; border-radius: 8px; text-decoration: none;\" href=\"http:\/\/elektrobike.wroclaw.pl\/wp-content\/uploads\/2026\/02\/regulamin.pdf\">Pobierz regulamin<\/a><\/p>\n<\/section>\n\n\n\n<section id=\"umowa\" style=\"padding: 60px 20px; text-align: center;\">\n<p><a style=\"display: inline-block; margin-top: 15px; padding: 12px 24px; background: #2BB673; color: white; border-radius: 8px; text-decoration: none;\" href=\"http:\/\/elektrobike.wroclaw.pl\/wp-content\/uploads\/2026\/02\/umowa.pdf\">Pobierz wz\u00f3r umowy <\/a><\/p>\n<p><a style=\"display: inline-block; margin-top: 15px; padding: 12px 24px; background: #2BB673; color: white; border-radius: 8px; text-decoration: none;\" href=\"http:\/\/elektrobike.wroclaw.pl\/wp-content\/uploads\/2026\/02\/protokol.pdf\">Pobierz wz\u00f3r protoko\u0142u zwrotu<\/a><\/p>\n<\/section>\n\n\n\n<section id=\"rezerwacja\" style=\"background: #F7F9FB; padding: 60px 20px; text-align: center;\">Odbi\u00f3r rower\u00f3w: poniedzia\u0142ek\u2013pi\u0105tek od 10:00 , zwrot do 18:00, w soboty do 14:00<br>\nZwrot: ul. Strzegomska 206\u2013208, Wroc\u0142aw<p><\/p>\n<h2><a style=\"display: inline-block; margin-top: 15px; padding: 14px 26px; background: #2BB673; color: white; border-radius: 8px; text-decoration: none;\" href=\"tel:+48789583425\">Zadzwo\u0144 i zarezerwuj: 789583425<br>\n<\/a><\/h2>\n<p>&nbsp;<\/p>\n<\/section>\n\n\n\n<section style=\"background: #FFFFF; padding: 30px 20px; text-align: center; margin-top: 40px;\"><figure><img decoding=\"async\" style=\"max-width: 100%; height: auto;\" src=\"wp-content\/uploads\/2026\/02\/kpo-logo-scaled.png\" alt=\"Projekt wsp\u00f3\u0142finansowany\"><\/figure><p><\/p>\n<p style=\"color: #ccc; font-size: 14px; margin-top: 15px;\">Projekt wsp\u00f3\u0142finansowany ze \u015brodk\u00f3w Krajowego Planu Odbudowy oraz Unii Europejskiej.<\/p>\n<\/section>\n","protected":false},"excerpt":{"rendered":"<p>Wypo\u017cyczalnia e-rower\u00f3w REZERWUJ TELEFON: 789 538 425 lub mailowo: wypozyczalnia@elektobike.wroclaw.pl Nasze rowery Rower elektryczny damski R-RAYMON TourRay E 5.0 9S [&hellip;]<\/p>\n","protected":false},"author":1,"featured_media":0,"parent":0,"menu_order":0,"comment_status":"closed","ping_status":"closed","template":"","meta":{"site-sidebar-layout":"no-sidebar","site-content-layout":"plain-container","ast-site-content-layout":"default","site-content-style":"default","site-sidebar-style":"default","ast-global-header-display":"","ast-banner-title-visibility":"","ast-main-header-display":"","ast-hfb-above-header-display":"","ast-hfb-below-header-display":"","ast-hfb-mobile-header-display":"","site-post-title":"disabled","ast-breadcrumbs-content":"","ast-featured-img":"","footer-sml-layout":"","ast-disable-related-posts":"","theme-transparent-header-meta":"enabled","adv-header-id-meta":"","stick-header-meta":"","header-above-stick-meta":"","header-main-stick-meta":"","header-below-stick-meta":"","astra-migrate-meta-layouts":"default","ast-page-background-enabled":"default","ast-page-background-meta":{"desktop":{"background-color":"var(--ast-global-color-5)","background-image":"","background-repeat":"repeat","background-position":"center center","background-size":"auto","background-attachment":"scroll","background-type":"","background-media":"","overlay-type":"","overlay-color":"","overlay-opacity":"","overlay-gradient":""},"tablet":{"background-color":"","background-image":"","background-repeat":"repeat","background-position":"center center","background-size":"auto","background-attachment":"scroll","background-type":"","background-media":"","overlay-type":"","overlay-color":"","overlay-opacity":"","overlay-gradient":""},"mobile":{"background-color":"","background-image":"","background-repeat":"repeat","background-position":"center center","background-size":"auto","background-attachment":"scroll","background-type":"","background-media":"","overlay-type":"","overlay-color":"","overlay-opacity":"","overlay-gradient":""}},"ast-content-background-meta":{"desktop":{"background-color":"var(--ast-global-color-4)","background-image":"","background-repeat":"repeat","background-position":"center center","background-size":"auto","background-attachment":"scroll","background-type":"","background-media":"","overlay-type":"","overlay-color":"","overlay-opacity":"","overlay-gradient":""},"tablet":{"background-color":"var(--ast-global-color-4)","background-image":"","background-repeat":"repeat","background-position":"center center","background-size":"auto","background-attachment":"scroll","background-type":"","background-media":"","overlay-type":"","overlay-color":"","overlay-opacity":"","overlay-gradient":""},"mobile":{"background-color":"var(--ast-global-color-4)","background-image":"","background-repeat":"repeat","background-position":"center center","background-size":"auto","background-attachment":"scroll","background-type":"","background-media":"","overlay-type":"","overlay-color":"","overlay-opacity":"","overlay-gradient":""}},"footnotes":""},"class_list":["post-25","page","type-page","status-publish","hentry"],"_links":{"self":[{"href":"https:\/\/elektrobike.wroclaw.pl\/index.php\/wp-json\/wp\/v2\/pages\/25","targetHints":{"allow":["GET"]}}],"collection":[{"href":"https:\/\/elektrobike.wroclaw.pl\/index.php\/wp-json\/wp\/v2\/pages"}],"about":[{"href":"https:\/\/elektrobike.wroclaw.pl\/index.php\/wp-json\/wp\/v2\/types\/page"}],"author":[{"embeddable":true,"href":"https:\/\/elektrobike.wroclaw.pl\/index.php\/wp-json\/wp\/v2\/users\/1"}],"replies":[{"embeddable":true,"href":"https:\/\/elektrobike.wroclaw.pl\/index.php\/wp-json\/wp\/v2\/comments?post=25"}],"version-history":[{"count":26,"href":"https:\/\/elektrobike.wroclaw.pl\/index.php\/wp-json\/wp\/v2\/pages\/25\/revisions"}],"predecessor-version":[{"id":121,"href":"https:\/\/elektrobike.wroclaw.pl\/index.php\/wp-json\/wp\/v2\/pages\/25\/revisions\/121"}],"wp:attachment":[{"href":"https:\/\/elektrobike.wroclaw.pl\/index.php\/wp-json\/wp\/v2\/media?parent=25"}],"curies":[{"name":"wp","href":"https:\/\/api.w.org\/{rel}","templated":true}]}}